{"id":1491,"date":"2018-01-04T06:53:41","date_gmt":"2018-01-04T03:53:41","guid":{"rendered":"https:\/\/websitesi-kurma.com\/demo-track\/hakkimizda\/"},"modified":"2023-10-24T13:05:20","modified_gmt":"2023-10-24T10:05:20","slug":"about-us","status":"publish","type":"page","link":"https:\/\/track.com.tr\/en\/about-us\/","title":{"rendered":"About Us"},"content":{"rendered":"<p><section class=\"kc-elm kc-css-696122 kc_row\"><div class=\"kc-row-container  kc-container\"><div class=\"kc-wrap-columns\"><div class=\"kc-elm kc-css-769860 kc_col-sm-12 kc_column kc_col-sm-12\"><div class=\"kc-col-container\"><div class=\"kc-elm kc-css-451355\" style=\"height: 35px; clear: both; width:100%;\"><\/div>\n<div class=\"kc-elm kc-css-304068 kc-title-wrap \">\n\n\t<h1 class=\"kc_title\">TRACK, the official solution partner of IFS Turkey, offers end-to-end ERP solutions for businesses of all sizes with its experienced and dynamic team members.<\/h1>\n<\/div>\n<div class=\"kc-elm kc-css-478672\" style=\"height: 0px; clear: both; width:100%;\"><\/div><\/div><\/div><\/div><\/div><\/section><section class=\"kc-elm kc-css-540888 kc_row\"><div class=\"kc-row-container  kc-container\"><div class=\"kc-wrap-columns\"><div class=\"kc-elm kc-css-825022 kc_col-sm-6 kc_column kc_col-sm-6\"><div class=\"kc-col-container\"><div class=\"kc-elm kc-css-204248 kc_text_block\"><\/p>\n<p>\nTRACK aims to provide a technological infrastructure to its customers and assist in the digitalization of business processes by adapting IFS&#039; international industry knowledge and solution &#8220;know how\" to businesses in accordance with Turkish conditions and needs.<\/p>\n<p>Founded in 1983, IFS is one of the world&#039;s leading suppliers of enterprise software, providing applications that enable companies to respond quickly to market changes and use their resources more intelligently to achieve better business performance and competitive advantage.<\/p>\n<p>Aiming to contribute to the digital transformation of companies of all sizes, TRACK has managed, supported and completed many top projects in its sector within this framework.<\/p>\n<p>\n<\/div><\/div><\/div><div class=\"kc-elm kc-css-387654 kc_col-sm-6 kc_column kc_col-sm-6\"><div class=\"kc-col-container\"><div class=\"kc-elm kc-css-986312 kc_text_block\"><\/p>\n<p>\nTRACK with an experienced and expert team;<\/p>\n<p>\u2022 Provides consultancy services covering applicable and result-oriented processes, having knowledge of the sector.<\/p>\n<p>\u2022 Project Planning<\/p>\n<p>\u2022 Adopting a project management approach that recognizes the importance of the human factor, it aims for the smoothest possible live transitions with proactive processes.<\/p>\n<p>\u2022 It supports the end-to-end solutions it provides with development and customization according to business needs.<\/p>\n<p>\n<\/div><\/div><\/div><\/div><\/div><\/section><section class=\"kc-elm kc-css-312426 kc_row\"><div class=\"kc-row-container\"><div class=\"kc-wrap-columns\"><div class=\"kc-elm kc-css-652602 kc_col-sm-12 kc_column kc_col-sm-12\"><div class=\"kc-col-container\"><!--Study Section-->\r\n<section class=\"study-section alternate\">\r\n    <div class=\"auto-container\">\r\n        <div class=\"row clearfix\">\r\n            <!--Content Column-->\r\n            <div class=\"content-column col-md-6 col-sm-12 col-xs-12\">\r\n                <div class=\"sec-title\">\r\n                    <div class=\"title\"><\/div>\r\n                    <h2>TRACK Technology Information<\/h2>\r\n                <\/div>\r\n                <div class=\"text\">TRACK aims to provide a technological infrastructure to its customers and assist in the digitalization of business processes by adapting IFS' international industry knowledge and solution \"know how\" to businesses in accordance with Turkish conditions and needs.\r\nFounded in 1983, IFS is one of the world's leading suppliers of enterprise software, providing applications that enable companies to respond quickly to market changes and use their resources more intelligently to achieve better business performance and competitive advantage.\r\n\r\nAiming to contribute to the digital transformation of companies of all sizes, TRACK has managed, supported and completed many top projects in its sector within this framework.<\/div>\r\n                <a href=\"https:\/\/track.com.tr\/en\/our-services\/\" class=\"theme-btn btn-style-four\">Track <\/a>\r\n            <\/div>\r\n            <!--Image Column-->\r\n            <div class=\"image-column col-md-6 col-sm-12 col-xs-12\">\r\n                <div class=\"inner-column\">\r\n                    <!--Video Box-->\r\n                    <div class=\"video-box\">\r\n                        <figure class=\"image\">\r\n                            <img decoding=\"async\" src=\"https:\/\/websitesi-kurma.com\/demo-track\/wp-content\/uploads\/revslider\/video-media\/track-video_12.jpeg\" alt=\"image\">\r\n                        <\/figure>\r\n                        <a href=\"https:\/\/www.youtube.com\/watch?v=ucyBc7dPHOY&#038;feature=youtu.be\" class=\"lightbox-image overlay-box\"><span class=\"flaticon-play-button-2\"><\/span><\/a>\r\n                    <\/div>\r\n                <\/div>\r\n            <\/div>\r\n        <\/div>\r\n    <\/div>\r\n<\/section>\r\n<!--End Study Section-->\r\n<\/div><\/div><\/div><\/div><\/section><section class=\"kc-elm kc-css-597717 kc_row\"><div class=\"kc-row-container\"><div class=\"kc-wrap-columns\"><div class=\"kc-elm kc-css-466583 kc_col-sm-12 kc_column kc_col-sm-12\"><div class=\"kc-col-container\"><!--Call To Action Section-->\n<section class=\"call-to-action-section\" style=\"background-image:url(https:\/\/websitesi-kurma.com\/demo-track\/wp-content\/uploads\/2018\/01\/1.jpg)\">\n    <div class=\"auto-container\">\n        <h2>\u0130\u015fimize tutkuyla ba\u011fl\u0131y\u0131z &amp; <span>i\u015finizi b\u00fcy\u00fct\u00fcyoruz<\/span>\r\n+90 216 909 88 03<\/h2>\n        <div class=\"number-box clearfix\">\n            <div class=\"pull-left\">\n                <div class=\"number\">info@track.com.tr<\/div>\n            <\/div>\n            <div class=\"pull-right\">\n                <a href=\"https:\/\/websitesi-kurma.com\/demo-track\/iletisim\/\" class=\"theme-btn btn-style-three\">Bize Ula\u015f\u0131n<\/a>\n            <\/div>\n        <\/div>\n    <\/div>\n<\/section>\n<!--End Call To Action Section-->\n<\/div><\/div><\/div><\/div><\/section><section class=\"kc-elm kc-css-388477 kc_row\"><div class=\"kc-row-container\"><div class=\"kc-wrap-columns\"><div class=\"kc-elm kc-css-927420 kc_col-sm-12 kc_column kc_col-sm-12\"><div class=\"kc-col-container\"><div class=\"kc-elm kc-css-376561 kc-feature-boxes kc-fb-layout-1\">\n\n\t<div class=\"content-icon\"><i class=\"flaticon-24-hours\"><\/i><\/div><div class=\"content-title\">We are passionate about our business & growing your business<\/div><div class=\"content-desc\">+90 216 909 88 03 <br\/><br\/> sales@track.com.tr\r\n<\/div><div class=\"content-button\"><a href=\"https:\/\/track.com.tr\/en\/contact\/\" target=\"_self\" title=\"\">Contact<\/a><\/div>\n<\/div>\n<\/div><\/div><\/div><\/div><\/section><section class=\"kc-elm kc-css-457263 kc_row\"><div class=\"kc-row-container\"><div class=\"kc-wrap-columns\"><div class=\"kc-elm kc-css-362007 kc_col-sm-12 kc_column kc_col-sm-12\"><div class=\"kc-col-container\"><!--Clients Section-->\n<section class=\"clients-section \">\n    <div class=\"auto-container\">\n        <div class=\"sponsors-outer\">\n            <!--Sponsors Carousel-->\n            <ul class=\"sponsors-carousel owl-carousel owl-theme\">\n            \t                <li class=\"slide-item\"><figure class=\"image-box\"><a href=\"https:\/\/track.com.tr\/projelerimiz\/\"><img decoding=\"async\" src=\"https:\/\/track.com.tr\/wp-content\/uploads\/2023\/08\/2.png\" alt=\"Tolon\"><\/a><\/figure><\/li>\n                                <li class=\"slide-item\"><figure class=\"image-box\"><a href=\"https:\/\/track.com.tr\/projelerimiz\/\"><img decoding=\"async\" src=\"https:\/\/track.com.tr\/wp-content\/uploads\/2023\/08\/1.png\" alt=\"Friterm\"><\/a><\/figure><\/li>\n                                <li class=\"slide-item\"><figure class=\"image-box\"><a href=\"https:\/\/track.com.tr\/projelerimiz\/\"><img decoding=\"async\" src=\"https:\/\/track.com.tr\/wp-content\/uploads\/2023\/08\/3.png\" alt=\"Akarmak\"><\/a><\/figure><\/li>\n                                <li class=\"slide-item\"><figure class=\"image-box\"><a href=\"https:\/\/track.com.tr\/projelerimiz\/\"><img decoding=\"async\" src=\"https:\/\/track.com.tr\/wp-content\/uploads\/2023\/08\/5.png\" alt=\"\u00c7ukurova\"><\/a><\/figure><\/li>\n                                <li class=\"slide-item\"><figure class=\"image-box\"><a href=\"https:\/\/track.com.tr\/projelerimiz\/\"><img decoding=\"async\" src=\"https:\/\/track.com.tr\/wp-content\/uploads\/2023\/08\/4.png\" alt=\"Alt\u0131nay\"><\/a><\/figure><\/li>\n                                <li class=\"slide-item\"><figure class=\"image-box\"><a href=\"https:\/\/track.com.tr\/projelerimiz\/\"><img decoding=\"async\" src=\"https:\/\/track.com.tr\/wp-content\/uploads\/2023\/08\/9.png\" alt=\"Makel\"><\/a><\/figure><\/li>\n                                <li class=\"slide-item\"><figure class=\"image-box\"><a href=\"https:\/\/track.com.tr\/projelerimiz\/\"><img decoding=\"async\" src=\"https:\/\/track.com.tr\/wp-content\/uploads\/2023\/08\/7.png\" alt=\"Gedik\"><\/a><\/figure><\/li>\n                                <li class=\"slide-item\"><figure class=\"image-box\"><a href=\"https:\/\/track.com.tr\/projelerimiz\/\"><img decoding=\"async\" src=\"https:\/\/track.com.tr\/wp-content\/uploads\/2023\/08\/10.png\" alt=\"Mod\u00fcl\"><\/a><\/figure><\/li>\n                                <li class=\"slide-item\"><figure class=\"image-box\"><a href=\"https:\/\/track.com.tr\/projelerimiz\/\"><img decoding=\"async\" src=\"https:\/\/track.com.tr\/wp-content\/uploads\/2023\/08\/8.png\" alt=\"\u0130zel\"><\/a><\/figure><\/li>\n                                <li class=\"slide-item\"><figure class=\"image-box\"><a href=\"https:\/\/track.com.tr\/projelerimiz\/\"><img decoding=\"async\" src=\"https:\/\/track.com.tr\/wp-content\/uploads\/2023\/08\/6.png\" alt=\"Alapala\"><\/a><\/figure><\/li>\n                            <\/ul>\n        <\/div>\n    <\/div>\n<\/section>\n<!--End Clients Section-->\n<\/div><\/div><\/div><\/div><\/section><section class=\"kc-elm kc-css-66677 kc_row\"><div class=\"kc-row-container\"><div class=\"kc-wrap-columns\"><div class=\"kc-elm kc-css-185436 kc_col-sm-12 kc_column kc_col-sm-12\"><div class=\"kc-col-container\"><!--Appointment Section-->\n<section class=\"appointment-section\" style=\"background-image:url(https:\/\/websitesi-kurma.com\/demo-track\/wp-content\/uploads\/2018\/01\/2-1.jpg)\">\n    <div class=\"auto-container clearfix\">\n        <div class=\"inner-container\">\n            <h2>Contact now for any questions you may have!<\/h2>\n            <div class=\"text\">Send Us a Message<\/div>\n            <a href=\"https:\/\/track.com.tr\/en\/contact\/\" class=\"theme-btn btn-style-two\">Send<\/a>\n        <\/div>\n    <\/div>\n<\/section>\n<!--End Appointment Section-->\n<\/div><\/div><\/div><\/div><\/section><\/p>\n","protected":false},"excerpt":{"rendered":"","protected":false},"author":1,"featured_media":0,"parent":0,"menu_order":0,"comment_status":"closed","ping_status":"closed","template":"tpl-king_composer.php","meta":{"om_disable_all_campaigns":false,"_monsterinsights_skip_tracking":false,"_monsterinsights_sitenote_active":false,"_monsterinsights_sitenote_note":"","_monsterinsights_sitenote_category":0,"_uf_show_specific_survey":0,"_uf_disable_surveys":false,"footnotes":""},"class_list":["post-1491","page","type-page","status-publish","hentry"],"aioseo_notices":[],"_links":{"self":[{"href":"https:\/\/track.com.tr\/en\/wp-json\/wp\/v2\/pages\/1491","targetHints":{"allow":["GET"]}}],"collection":[{"href":"https:\/\/track.com.tr\/en\/wp-json\/wp\/v2\/pages"}],"about":[{"href":"https:\/\/track.com.tr\/en\/wp-json\/wp\/v2\/types\/page"}],"author":[{"embeddable":true,"href":"https:\/\/track.com.tr\/en\/wp-json\/wp\/v2\/users\/1"}],"replies":[{"embeddable":true,"href":"https:\/\/track.com.tr\/en\/wp-json\/wp\/v2\/comments?post=1491"}],"version-history":[{"count":6,"href":"https:\/\/track.com.tr\/en\/wp-json\/wp\/v2\/pages\/1491\/revisions"}],"predecessor-version":[{"id":4972,"href":"https:\/\/track.com.tr\/en\/wp-json\/wp\/v2\/pages\/1491\/revisions\/4972"}],"wp:attachment":[{"href":"https:\/\/track.com.tr\/en\/wp-json\/wp\/v2\/media?parent=1491"}],"curies":[{"name":"wp","href":"https:\/\/api.w.org\/{rel}","templated":true}]}}